{"id":3110,"date":"2025-03-13T18:10:32","date_gmt":"2025-03-13T17:10:32","guid":{"rendered":"https:\/\/philippedemierre.ch\/?page_id=3110"},"modified":"2026-03-25T13:02:18","modified_gmt":"2026-03-25T12:02:18","slug":"medien","status":"publish","type":"page","link":"https:\/\/philippedemierre.ch\/de\/medien\/","title":{"rendered":"Medien"},"content":{"rendered":"<div class=\"et_pb_section_0 et_pb_section et_section_regular et_block_section\">\n<div class=\"et_pb_row_0 et_pb_row et_block_row\">\n<div class=\"et_pb_column_0 et_pb_column et_pb_column_2_3 et_block_column et_pb_css_mix_blend_mode_passthrough\">\n<div class=\"et_pb_text_0 et_pb_text et_pb_bg_layout_light et_pb_module et_block_module\"><div class=\"et_pb_text_inner\"><p>Um die neuesten Informationen zu erhalten, konsultieren Sie die offiziellen Neuigkeiten des Staates Freiburg zur Direktion f\u00fcr Gesundheit und Soziales. Diese Seite erg\u00e4nzt die unten archivierten Presseartikel mit regelm\u00e4ssig aktualisierten Mitteilungen und Ver\u00f6ffentlichungen.<\/p>\n<\/div><\/div>\n\n<div class=\"et_pb_module et_pb_button_module_wrapper et_pb_button_0_wrapper\"><a class=\"et_pb_button_0 et_pb_button et_pb_bg_layout_light et_pb_module et_block_module\" href=\"https:\/\/www.fr.ch\/de\/news?direction=GSD&#038;start_date=01.01.2022&#038;content_tags=133291\" target=\"_blank\">Offizielle Neuigkeiten ansehen<\/a><\/div>\n\n<div class=\"et_pb_text_1 et_pb_text et_pb_bg_layout_light et_pb_module et_block_module\"><div class=\"et_pb_text_inner\"><p>\n<em>Klicken Sie auf die Bilder, um die PDFs zu lesen oder die Videos anzusehen.<\/em><\/p>\n<\/div><\/div>\n<\/div>\n\n<div class=\"et_pb_column_1 et_pb_column et_pb_column_1_3 et-last-child et_block_column et_pb_css_mix_blend_mode_passthrough\">\n\n<\/div>\n<\/div>\n\n<div class=\"et_pb_row_1 et_pb_row et_pb_row_4col et_block_row et_block_row_4col\">\n<div class=\"et_pb_column_2 et_pb_column et_pb_column_1_4 et_block_column et_pb_css_mix_blend_mode_passthrough\">\n<div class=\"et_pb_image_0 et_pb_image et_pb_image_sticky et_pb_module et_block_module\"><span class=\"et_pb_image_wrap\"><img loading=\"lazy\" decoding=\"async\" src=\"https:\/\/philippedemierre.ch\/wp-content\/uploads\/2021\/09\/LogoFN.jpg\" width=\"700\" height=\"286\" srcset=\"https:\/\/philippedemierre.ch\/wp-content\/uploads\/2021\/09\/LogoFN.jpg 700w, https:\/\/philippedemierre.ch\/wp-content\/uploads\/2021\/09\/LogoFN-480x196.jpg 480w\" sizes=\"(min-width: 0px) and (max-width: 480px) 480px, (min-width: 481px) 700px, 100vw\" class=\"wp-image-487\" \/><\/span><\/div>\n<\/div>\n\n<div class=\"et_pb_column_3 et_pb_column et_pb_column_1_4 et_block_column et_pb_column_empty et_pb_css_mix_blend_mode_passthrough\"><\/div>\n\n<div class=\"et_pb_column_4 et_pb_column et_pb_column_1_4 et_block_column et_pb_column_empty et_pb_css_mix_blend_mode_passthrough\"><\/div>\n\n<div class=\"et_pb_column_5 et_pb_column et_pb_column_1_4 et-last-child et_block_column et_pb_column_empty et_pb_css_mix_blend_mode_passthrough\"><\/div>\n<\/div>\n\n<div class=\"et_pb_row_2 et_pb_row et_pb_row_6col et_block_row et_block_row_6col\">\n<div class=\"et_pb_column_6 et_pb_column et_pb_column_1_6 et_block_column et_pb_css_mix_blend_mode_passthrough\">\n<div class=\"et_pb_image_1 et_pb_image et_pb_has_overlay et_pb_module et_block_module\"><a href=\"https:\/\/philippedemierre.ch\/wp-content\/uploads\/2025\/03\/ok-2023-11-21_Freiburger-Nachrichten_Ein-Millionenbetrag-f\u00b3r-das-Spital-HFR_.pdf\" target=\"_blank\"><span class=\"et_pb_image_wrap\"><img decoding=\"async\" src=\"https:\/\/philippedemierre.ch\/wp-content\/uploads\/2025\/03\/ok-2023-11-21_Freiburger-Nachrichten_Ein-Millionenbetrag-f\u00b3r-das-Spital-HFR_-pdf.jpg\" title=\"ok 2023-11-21_Freiburger Nachrichten_Ein Millionenbetrag f\u00b3r das Spital HFR_\" \/><span class=\"et_overlay\"><\/span><\/span><\/a><\/div>\n\n<div class=\"et_pb_text_2 et_pb_text et_pb_bg_layout_light et_pb_module et_block_module\"><div class=\"et_pb_text_inner\"><p>21.11.2023<br \/>\nEin Millionenbetrag f\u00fcr das Spital HFR<\/p>\n<\/div><\/div>\n<\/div>\n\n<div class=\"et_pb_column_7 et_pb_column et_pb_column_1_6 et_block_column et_pb_column_empty et_pb_css_mix_blend_mode_passthrough\"><\/div>\n\n<div class=\"et_pb_column_8 et_pb_column et_pb_column_1_6 et_block_column et_pb_column_empty et_pb_css_mix_blend_mode_passthrough\"><\/div>\n\n<div class=\"et_pb_column_9 et_pb_column et_pb_column_1_6 et_block_column et_pb_column_empty et_pb_css_mix_blend_mode_passthrough\"><\/div>\n\n<div class=\"et_pb_column_10 et_pb_column et_pb_column_1_6 et_block_column et_pb_column_empty et_pb_css_mix_blend_mode_passthrough\"><\/div>\n\n<div class=\"et_pb_column_11 et_pb_column et_pb_column_1_6 et-last-child et_block_column et_pb_column_empty et_pb_css_mix_blend_mode_passthrough\"><\/div>\n<\/div>\n\n<div class=\"et_pb_row_3 et_pb_row et_pb_row_6col et_block_row et_block_row_6col\">\n<div class=\"et_pb_column_12 et_pb_column et_pb_column_1_6 et_block_column et_pb_css_mix_blend_mode_passthrough\">\n<div class=\"et_pb_image_2 et_pb_image et_pb_has_overlay et_pb_module et_block_module\"><a href=\"https:\/\/philippedemierre.ch\/wp-content\/uploads\/2025\/03\/ok-2023-11-21_Freiburger-Nachrichten_\u00bdSchnelle-Reaktion-in-jeder-Notsituation\u2557_.pdf\" target=\"_blank\"><span class=\"et_pb_image_wrap\"><img decoding=\"async\" src=\"https:\/\/philippedemierre.ch\/wp-content\/uploads\/2025\/03\/ok-2023-11-21_Freiburger-Nachrichten_\u00bdSchnelle-Reaktion-in-jeder-Notsituation\u2557_-pdf.jpg\" title=\"ok 2023-11-21_Freiburger Nachrichten_\u00bdSchnelle Reaktion in jeder Notsituation\u2557_\" \/><span class=\"et_overlay\"><\/span><\/span><\/a><\/div>\n\n<div class=\"et_pb_text_3 et_pb_text et_pb_bg_layout_light et_pb_module et_block_module\"><div class=\"et_pb_text_inner\"><p>21.11.2023<br \/>\n\"Schnelle Reaktion in jeder Notsituation\"<\/p>\n<\/div><\/div>\n<\/div>\n\n<div class=\"et_pb_column_13 et_pb_column et_pb_column_1_6 et_block_column et_pb_css_mix_blend_mode_passthrough\">\n<div class=\"et_pb_image_3 et_pb_image et_pb_has_overlay et_pb_module et_block_module\"><a href=\"https:\/\/philippedemierre.ch\/wp-content\/uploads\/2025\/03\/ok-2023-11-18_Freiburger-Nachrichten_Staatsrat-legt-neues-Sozialhilfegesetz-vor_.pdf\" target=\"_blank\"><span class=\"et_pb_image_wrap\"><img decoding=\"async\" src=\"https:\/\/philippedemierre.ch\/wp-content\/uploads\/2025\/03\/ok-2023-11-18_Freiburger-Nachrichten_Staatsrat-legt-neues-Sozialhilfegesetz-vor_-pdf.jpg\" title=\"ok 2023-11-18_Freiburger Nachrichten_Staatsrat legt neues Sozialhilfegesetz vor_\" \/><span class=\"et_overlay\"><\/span><\/span><\/a><\/div>\n\n<div class=\"et_pb_text_4 et_pb_text et_pb_bg_layout_light et_pb_module et_block_module\"><div class=\"et_pb_text_inner\"><p>18.11.2023<br \/>\nStaatsrat legt neues Sozialhilfegesetz vor<\/p>\n<\/div><\/div>\n<\/div>\n\n<div class=\"et_pb_column_14 et_pb_column et_pb_column_1_6 et_block_column et_pb_css_mix_blend_mode_passthrough\">\n<div class=\"et_pb_image_4 et_pb_image et_pb_has_overlay et_pb_module et_block_module\"><a href=\"https:\/\/philippedemierre.ch\/wp-content\/uploads\/2025\/03\/ok-2023-11-13_Freiburger-Nachrichten_Das-erste-Dettec-Paket-ist-vom-Tisch_.pdf\" target=\"_blank\"><span class=\"et_pb_image_wrap\"><img decoding=\"async\" src=\"https:\/\/philippedemierre.ch\/wp-content\/uploads\/2025\/03\/ok-2023-11-13_Freiburger-Nachrichten_Das-erste-Dettec-Paket-ist-vom-Tisch_-pdf.jpg\" title=\"ok 2023-11-13_Freiburger Nachrichten_Das erste Dettec-Paket ist vom Tisch_\" \/><span class=\"et_overlay\"><\/span><\/span><\/a><\/div>\n\n<div class=\"et_pb_text_5 et_pb_text et_pb_bg_layout_light et_pb_module et_block_module\"><div class=\"et_pb_text_inner\"><p>13.11.2023<br \/>\nDas erste Dettec-Paket ist vom Tisch<\/p>\n<\/div><\/div>\n<\/div>\n\n<div class=\"et_pb_column_15 et_pb_column et_pb_column_1_6 et_block_column et_pb_css_mix_blend_mode_passthrough\">\n<div class=\"et_pb_image_5 et_pb_image et_pb_has_overlay et_pb_module et_block_module\"><a href=\"https:\/\/philippedemierre.ch\/wp-content\/uploads\/2025\/03\/ok-2023-11-03_Freiburger-Nachrichten_Eine-Wegleitung-f\u00b3r-einen-Notfall_.pdf\" target=\"_blank\"><span class=\"et_pb_image_wrap\"><img decoding=\"async\" src=\"https:\/\/philippedemierre.ch\/wp-content\/uploads\/2025\/03\/ok-2023-11-03_Freiburger-Nachrichten_Eine-Wegleitung-f\u00b3r-einen-Notfall_-pdf.jpg\" title=\"ok 2023-11-03_Freiburger Nachrichten_Eine Wegleitung f\u00b3r einen Notfall_\" \/><span class=\"et_overlay\"><\/span><\/span><\/a><\/div>\n\n<div class=\"et_pb_text_6 et_pb_text et_pb_bg_layout_light et_pb_module et_block_module\"><div class=\"et_pb_text_inner\"><p>03.11.2023<br \/>\nEine Wegleitung f\u00fcr einen Notfall<\/p>\n<\/div><\/div>\n<\/div>\n\n<div class=\"et_pb_column_16 et_pb_column et_pb_column_1_6 et_block_column et_pb_css_mix_blend_mode_passthrough\">\n<div class=\"et_pb_image_6 et_pb_image et_pb_has_overlay et_pb_module et_block_module\"><a href=\"https:\/\/philippedemierre.ch\/wp-content\/uploads\/2025\/03\/ok-2023-10-06_Freiburger-Nachrichten_Mehr-Unterst\u00b3tzung-f\u00b3r-junge-Familien_.pdf\" target=\"_blank\"><span class=\"et_pb_image_wrap\"><img decoding=\"async\" src=\"https:\/\/philippedemierre.ch\/wp-content\/uploads\/2025\/03\/ok-2023-10-06_Freiburger-Nachrichten_Mehr-Unterst\u00b3tzung-f\u00b3r-junge-Familien_-pdf.jpg\" title=\"ok 2023-10-06_Freiburger Nachrichten_Mehr Unterst\u00b3tzung f\u00b3r junge Familien_\" \/><span class=\"et_overlay\"><\/span><\/span><\/a><\/div>\n\n<div class=\"et_pb_text_7 et_pb_text et_pb_bg_layout_light et_pb_module et_block_module\"><div class=\"et_pb_text_inner\"><p>06.10.2023<br \/>\nMehr Unterst\u00fctzung f\u00fcr junge Familien<\/p>\n<\/div><\/div>\n<\/div>\n\n<div class=\"et_pb_column_17 et_pb_column et_pb_column_1_6 et-last-child et_block_column et_pb_css_mix_blend_mode_passthrough\">\n<div class=\"et_pb_image_7 et_pb_image et_pb_has_overlay et_pb_module et_block_module\"><a href=\"https:\/\/philippedemierre.ch\/wp-content\/uploads\/2025\/03\/ok-2023-07-06_Freiburger-Nachrichten_Gratis-Tampons-Kanton-startet-2024_.pdf\" target=\"_blank\"><span class=\"et_pb_image_wrap\"><img decoding=\"async\" src=\"https:\/\/philippedemierre.ch\/wp-content\/uploads\/2025\/03\/ok-2023-07-06_Freiburger-Nachrichten_Gratis-Tampons-Kanton-startet-2024_-pdf.jpg\" title=\"ok 2023-07-06_Freiburger Nachrichten_Gratis Tampons Kanton startet 2024_\" \/><span class=\"et_overlay\"><\/span><\/span><\/a><\/div>\n\n<div class=\"et_pb_text_8 et_pb_text et_pb_bg_layout_light et_pb_module et_block_module\"><div class=\"et_pb_text_inner\"><p>06.07.2023<br \/>\nGratis Tampons: Kanton startet 2024<\/p>\n<\/div><\/div>\n<\/div>\n<\/div>\n\n<div class=\"et_pb_row_4 et_pb_row et_pb_row_6col et_block_row et_block_row_6col\">\n<div class=\"et_pb_column_18 et_pb_column et_pb_column_1_6 et_block_column et_pb_css_mix_blend_mode_passthrough\">\n<div class=\"et_pb_image_8 et_pb_image et_pb_has_overlay et_pb_module et_block_module\"><a href=\"https:\/\/philippedemierre.ch\/wp-content\/uploads\/2025\/03\/ok-2023-06-22_Freiburger-Nachrichten_Staatsrat-prosentiert-Gegenvorschlag-zur-Initiative-\u00b3ber-Spitalnotaufnahme_.pdf\" target=\"_blank\"><span class=\"et_pb_image_wrap\"><img decoding=\"async\" src=\"https:\/\/philippedemierre.ch\/wp-content\/uploads\/2025\/03\/ok-2023-06-22_Freiburger-Nachrichten_Staatsrat-prosentiert-Gegenvorschlag-zur-Initiative-\u00b3ber-Spitalnotaufnahme_-pdf.jpg\" title=\"ok 2023-06-22_Freiburger Nachrichten_Staatsrat pr\u00f5sentiert Gegenvorschlag zur Initiative \u00b3ber Spitalnotaufnahme_\" \/><span class=\"et_overlay\"><\/span><\/span><\/a><\/div>\n\n<div class=\"et_pb_text_9 et_pb_text et_pb_bg_layout_light et_pb_module et_block_module\"><div class=\"et_pb_text_inner\"><p>22.06.2023<br \/>\nStaatsrat pr\u00e4sentiert Gegenvorschlag zur Initiative \u00fcber Spitalnotaufnahme<\/p>\n<\/div><\/div>\n<\/div>\n\n<div class=\"et_pb_column_19 et_pb_column et_pb_column_1_6 et_block_column et_pb_css_mix_blend_mode_passthrough\">\n<div class=\"et_pb_image_9 et_pb_image et_pb_has_overlay et_pb_module et_block_module\"><a href=\"https:\/\/philippedemierre.ch\/wp-content\/uploads\/2025\/03\/ok-2023-06-06_Freiburger-Nachrichten_Raumplanung-Kinder-gestalten-ihre-ideale-Stadt_.pdf\" target=\"_blank\"><span class=\"et_pb_image_wrap\"><img decoding=\"async\" src=\"https:\/\/philippedemierre.ch\/wp-content\/uploads\/2025\/03\/ok-2023-06-06_Freiburger-Nachrichten_Raumplanung-Kinder-gestalten-ihre-ideale-Stadt_-pdf.jpg\" title=\"ok 2023-06-06_Freiburger Nachrichten_Raumplanung Kinder gestalten ihre ideale Stadt_\" \/><span class=\"et_overlay\"><\/span><\/span><\/a><\/div>\n\n<div class=\"et_pb_text_10 et_pb_text et_pb_bg_layout_light et_pb_module et_block_module\"><div class=\"et_pb_text_inner\"><p>06.06.2023<br \/>\nKinder gestalten ihre ideale Stadt<\/p>\n<\/div><\/div>\n<\/div>\n\n<div class=\"et_pb_column_20 et_pb_column et_pb_column_1_6 et_block_column et_pb_css_mix_blend_mode_passthrough\">\n<div class=\"et_pb_image_10 et_pb_image et_pb_has_overlay et_pb_module et_block_module\"><a href=\"https:\/\/philippedemierre.ch\/wp-content\/uploads\/2025\/03\/ok-2023-04-13_Freiburger-Nachrichten_Staatsanwaltschaft-entlastet-Philippe-Demierre-auf-ganzer-Linie_.pdf\" target=\"_blank\"><span class=\"et_pb_image_wrap\"><img decoding=\"async\" src=\"https:\/\/philippedemierre.ch\/wp-content\/uploads\/2025\/03\/ok-2023-04-13_Freiburger-Nachrichten_Staatsanwaltschaft-entlastet-Philippe-Demierre-auf-ganzer-Linie_-pdf.jpg\" title=\"ok 2023-04-13_Freiburger Nachrichten_Staatsanwaltschaft entlastet Philippe Demierre auf ganzer Linie_\" \/><span class=\"et_overlay\"><\/span><\/span><\/a><\/div>\n\n<div class=\"et_pb_text_11 et_pb_text et_pb_bg_layout_light et_pb_module et_block_module\"><div class=\"et_pb_text_inner\"><p>13.04.2023<br \/>\nStaatsanwaltschaft entlastet Philippe Demierre auf ganzer Linie<\/p>\n<\/div><\/div>\n<\/div>\n\n<div class=\"et_pb_column_21 et_pb_column et_pb_column_1_6 et_block_column et_pb_css_mix_blend_mode_passthrough\">\n<div class=\"et_pb_image_11 et_pb_image et_pb_has_overlay et_pb_module et_block_module\"><a href=\"https:\/\/philippedemierre.ch\/wp-content\/uploads\/2025\/03\/ok-2023-04-01_Freiburger-Nachrichten_Ein-Drittel-mehr-Spitalpatienten-bis-2035_.pdf\" target=\"_blank\"><span class=\"et_pb_image_wrap\"><img decoding=\"async\" src=\"https:\/\/philippedemierre.ch\/wp-content\/uploads\/2025\/03\/ok-2023-04-01_Freiburger-Nachrichten_Ein-Drittel-mehr-Spitalpatienten-bis-2035_-pdf.jpg\" title=\"ok 2023-04-01_Freiburger Nachrichten_Ein Drittel mehr Spitalpatienten bis 2035_\" \/><span class=\"et_overlay\"><\/span><\/span><\/a><\/div>\n\n<div class=\"et_pb_text_12 et_pb_text et_pb_bg_layout_light et_pb_module et_block_module\"><div class=\"et_pb_text_inner\"><p>01.04.2023<br \/>\nEin Drittel mehr Spitalpatienten bis 2035<\/p>\n<\/div><\/div>\n<\/div>\n\n<div class=\"et_pb_column_22 et_pb_column et_pb_column_1_6 et_block_column et_pb_css_mix_blend_mode_passthrough\">\n<div class=\"et_pb_image_12 et_pb_image et_pb_has_overlay et_pb_module et_block_module\"><a href=\"https:\/\/philippedemierre.ch\/wp-content\/uploads\/2025\/03\/ok-2023-03-16_Freiburger-Nachrichten_100-000-Franken-f\u00b3r-inklusive-Projekte_.pdf\" target=\"_blank\"><span class=\"et_pb_image_wrap\"><img decoding=\"async\" src=\"https:\/\/philippedemierre.ch\/wp-content\/uploads\/2025\/03\/ok-2023-03-16_Freiburger-Nachrichten_100-000-Franken-f\u00b3r-inklusive-Projekte_-pdf.jpg\" title=\"ok 2023-03-16_Freiburger Nachrichten_100 000 Franken f\u00b3r inklusive Projekte_\" \/><span class=\"et_overlay\"><\/span><\/span><\/a><\/div>\n\n<div class=\"et_pb_text_13 et_pb_text et_pb_bg_layout_light et_pb_module et_block_module\"><div class=\"et_pb_text_inner\"><p>16.03.2023<br \/>\n100'000 Franken f\u00fcr inklusive Projekte<\/p>\n<\/div><\/div>\n<\/div>\n\n<div class=\"et_pb_column_23 et_pb_column et_pb_column_1_6 et-last-child et_block_column et_pb_css_mix_blend_mode_passthrough\">\n<div class=\"et_pb_image_13 et_pb_image et_pb_has_overlay et_pb_module et_block_module\"><a href=\"https:\/\/philippedemierre.ch\/wp-content\/uploads\/2025\/03\/ok-2023-03-09_Freiburger-Nachrichten_SVP-Staatsrat-Philippe-Demierre-muss-vor-Gericht_.pdf\" target=\"_blank\"><span class=\"et_pb_image_wrap\"><img decoding=\"async\" src=\"https:\/\/philippedemierre.ch\/wp-content\/uploads\/2025\/03\/ok-2023-03-09_Freiburger-Nachrichten_SVP-Staatsrat-Philippe-Demierre-muss-vor-Gericht_-pdf.jpg\" title=\"ok 2023-03-09_Freiburger Nachrichten_SVP-Staatsrat Philippe Demierre muss vor Gericht_\" \/><span class=\"et_overlay\"><\/span><\/span><\/a><\/div>\n\n<div class=\"et_pb_text_14 et_pb_text et_pb_bg_layout_light et_pb_module et_block_module\"><div class=\"et_pb_text_inner\"><p>09.03.2023<br \/>\nSVP-Staatsrat Philippe Demierre muss vor Gericht<\/p>\n<\/div><\/div>\n<\/div>\n<\/div>\n<\/div>","protected":false},"excerpt":{"rendered":"","protected":false},"author":1,"featured_media":0,"parent":0,"menu_order":31,"comment_status":"closed","ping_status":"closed","template":"","meta":{"footnotes":""},"class_list":["post-3110","page","type-page","status-publish","hentry"],"yoast_head":"<!-- This site is optimized with the Yoast SEO plugin v27.4 - https:\/\/yoast.com\/product\/yoast-seo-wordpress\/ -->\n<title>Medien - Philippe Demierre, conseiller d&#039;Etat<\/title>\n<meta name=\"description\" content=\"Philippe Demierre, candidat au Conseil d&#039;Etat fribourgeois\" \/>\n<meta name=\"robots\" content=\"index, follow, max-snippet:-1, max-image-preview:large, max-video-preview:-1\" \/>\n<link rel=\"canonical\" href=\"https:\/\/philippedemierre.ch\/de\/medien\/\" \/>\n<meta property=\"og:locale\" content=\"de_DE\" \/>\n<meta property=\"og:type\" content=\"article\" \/>\n<meta property=\"og:title\" content=\"Medien - Philippe Demierre, conseiller d&#039;Etat\" \/>\n<meta property=\"og:description\" content=\"Philippe Demierre, candidat au Conseil d&#039;Etat fribourgeois\" \/>\n<meta property=\"og:url\" content=\"https:\/\/philippedemierre.ch\/de\/medien\/\" \/>\n<meta property=\"og:site_name\" content=\"Philippe Demierre, conseiller d&#039;Etat\" \/>\n<meta property=\"article:modified_time\" content=\"2026-03-25T12:02:18+00:00\" \/>\n<meta name=\"twitter:card\" content=\"summary_large_image\" \/>\n<meta name=\"twitter:label1\" content=\"Gesch\u00e4tzte Lesezeit\" \/>\n\t<meta name=\"twitter:data1\" content=\"4\u00a0Minuten\" \/>\n<script type=\"application\/ld+json\" class=\"yoast-schema-graph\">{\"@context\":\"https:\\\/\\\/schema.org\",\"@graph\":[{\"@type\":\"WebPage\",\"@id\":\"https:\\\/\\\/philippedemierre.ch\\\/de\\\/medien\\\/\",\"url\":\"https:\\\/\\\/philippedemierre.ch\\\/de\\\/medien\\\/\",\"name\":\"Medien - Philippe Demierre, conseiller d&#039;Etat\",\"isPartOf\":{\"@id\":\"https:\\\/\\\/philippedemierre.ch\\\/de\\\/#website\"},\"datePublished\":\"2025-03-13T17:10:32+00:00\",\"dateModified\":\"2026-03-25T12:02:18+00:00\",\"description\":\"Philippe Demierre, candidat au Conseil d'Etat fribourgeois\",\"breadcrumb\":{\"@id\":\"https:\\\/\\\/philippedemierre.ch\\\/de\\\/medien\\\/#breadcrumb\"},\"inLanguage\":\"de\",\"potentialAction\":[{\"@type\":\"ReadAction\",\"target\":[\"https:\\\/\\\/philippedemierre.ch\\\/de\\\/medien\\\/\"]}]},{\"@type\":\"BreadcrumbList\",\"@id\":\"https:\\\/\\\/philippedemierre.ch\\\/de\\\/medien\\\/#breadcrumb\",\"itemListElement\":[{\"@type\":\"ListItem\",\"position\":1,\"name\":\"Accueil\",\"item\":\"https:\\\/\\\/philippedemierre.ch\\\/de\\\/\"},{\"@type\":\"ListItem\",\"position\":2,\"name\":\"Medien\"}]},{\"@type\":\"WebSite\",\"@id\":\"https:\\\/\\\/philippedemierre.ch\\\/de\\\/#website\",\"url\":\"https:\\\/\\\/philippedemierre.ch\\\/de\\\/\",\"name\":\"Philippe Demierre, conseiller d&#039;Etat\",\"description\":\"Conseil d&#039;Etat fribourgeois\",\"potentialAction\":[{\"@type\":\"SearchAction\",\"target\":{\"@type\":\"EntryPoint\",\"urlTemplate\":\"https:\\\/\\\/philippedemierre.ch\\\/de\\\/?s={search_term_string}\"},\"query-input\":{\"@type\":\"PropertyValueSpecification\",\"valueRequired\":true,\"valueName\":\"search_term_string\"}}],\"inLanguage\":\"de\"}]}<\/script>\n<!-- \/ Yoast SEO plugin. -->","yoast_head_json":{"title":"Medien - Philippe Demierre, conseiller d&#039;Etat","description":"Philippe Demierre, candidat au Conseil d'Etat fribourgeois","robots":{"index":"index","follow":"follow","max-snippet":"max-snippet:-1","max-image-preview":"max-image-preview:large","max-video-preview":"max-video-preview:-1"},"canonical":"https:\/\/philippedemierre.ch\/de\/medien\/","og_locale":"de_DE","og_type":"article","og_title":"Medien - Philippe Demierre, conseiller d&#039;Etat","og_description":"Philippe Demierre, candidat au Conseil d'Etat fribourgeois","og_url":"https:\/\/philippedemierre.ch\/de\/medien\/","og_site_name":"Philippe Demierre, conseiller d&#039;Etat","article_modified_time":"2026-03-25T12:02:18+00:00","twitter_card":"summary_large_image","twitter_misc":{"Gesch\u00e4tzte Lesezeit":"4\u00a0Minuten"},"schema":{"@context":"https:\/\/schema.org","@graph":[{"@type":"WebPage","@id":"https:\/\/philippedemierre.ch\/de\/medien\/","url":"https:\/\/philippedemierre.ch\/de\/medien\/","name":"Medien - Philippe Demierre, conseiller d&#039;Etat","isPartOf":{"@id":"https:\/\/philippedemierre.ch\/de\/#website"},"datePublished":"2025-03-13T17:10:32+00:00","dateModified":"2026-03-25T12:02:18+00:00","description":"Philippe Demierre, candidat au Conseil d'Etat fribourgeois","breadcrumb":{"@id":"https:\/\/philippedemierre.ch\/de\/medien\/#breadcrumb"},"inLanguage":"de","potentialAction":[{"@type":"ReadAction","target":["https:\/\/philippedemierre.ch\/de\/medien\/"]}]},{"@type":"BreadcrumbList","@id":"https:\/\/philippedemierre.ch\/de\/medien\/#breadcrumb","itemListElement":[{"@type":"ListItem","position":1,"name":"Accueil","item":"https:\/\/philippedemierre.ch\/de\/"},{"@type":"ListItem","position":2,"name":"Medien"}]},{"@type":"WebSite","@id":"https:\/\/philippedemierre.ch\/de\/#website","url":"https:\/\/philippedemierre.ch\/de\/","name":"Philippe Demierre, conseiller d&#039;Etat","description":"Conseil d&#039;Etat fribourgeois","potentialAction":[{"@type":"SearchAction","target":{"@type":"EntryPoint","urlTemplate":"https:\/\/philippedemierre.ch\/de\/?s={search_term_string}"},"query-input":{"@type":"PropertyValueSpecification","valueRequired":true,"valueName":"search_term_string"}}],"inLanguage":"de"}]}},"_links":{"self":[{"href":"https:\/\/philippedemierre.ch\/de\/wp-json\/wp\/v2\/pages\/3110","targetHints":{"allow":["GET"]}}],"collection":[{"href":"https:\/\/philippedemierre.ch\/de\/wp-json\/wp\/v2\/pages"}],"about":[{"href":"https:\/\/philippedemierre.ch\/de\/wp-json\/wp\/v2\/types\/page"}],"author":[{"embeddable":true,"href":"https:\/\/philippedemierre.ch\/de\/wp-json\/wp\/v2\/users\/1"}],"replies":[{"embeddable":true,"href":"https:\/\/philippedemierre.ch\/de\/wp-json\/wp\/v2\/comments?post=3110"}],"version-history":[{"count":7,"href":"https:\/\/philippedemierre.ch\/de\/wp-json\/wp\/v2\/pages\/3110\/revisions"}],"predecessor-version":[{"id":3725,"href":"https:\/\/philippedemierre.ch\/de\/wp-json\/wp\/v2\/pages\/3110\/revisions\/3725"}],"wp:attachment":[{"href":"https:\/\/philippedemierre.ch\/de\/wp-json\/wp\/v2\/media?parent=3110"}],"curies":[{"name":"wp","href":"https:\/\/api.w.org\/{rel}","templated":true}]}}