{"id":344,"date":"2021-09-13T15:39:31","date_gmt":"2021-09-13T13:39:31","guid":{"rendered":"https:\/\/philippedemierre.ch\/politik\/"},"modified":"2026-01-09T10:55:52","modified_gmt":"2026-01-09T09:55:52","slug":"politik","status":"publish","type":"page","link":"https:\/\/philippedemierre.ch\/de\/politik\/","title":{"rendered":"Politik"},"content":{"rendered":"<p><div class=\"et_d4_element et_pb_section et_pb_section_0 et_pb_section_parallax et_pb_with_background  et_pb_css_mix_blend_mode et_section_regular et_block_section\" >\n\t\t\t\t\n\t\t\t\t<span class=\"et_parallax_bg_wrap et-pb-parallax-wrapper\"><span\n\t\t\t\t\t\tclass=\"et_parallax_bg et_pb_parallax_css et_parallax_bg--et_pb_section_0\"\n\t\t\t\t\t\tstyle=\"background-image: url(https:\/\/philippedemierre.ch\/wp-content\/uploads\/2021\/08\/photo-45retouchee-16-7.jpg);\"\n\t\t\t\t\t><\/span><\/span>\n\t\t\t\t\n\t\t\t\t\n\t\t\t\t\n\t\t\t\t\n\t\t\t\t<div class=\"et_d4_element et_pb_row et_pb_row_0  et_pb_css_mix_blend_mode et_block_row\">\n\t\t\t\t<div class=\"et_d4_element et_pb_column_4_4 et_pb_column et_pb_column_0  et_pb_css_mix_blend_mode et-last-child et_block_column\">\n\t\t\t\t\n\t\t\t\t\n\t\t\t\t\n\t\t\t\t\n\t\t\t\t<div class=\"et_pb_module et_d4_element et_pb_text et_pb_text_0  et_pb_text_align_right et_pb_bg_layout_light\">\n\t\t\t\t\n\t\t\t\t\n\t\t\t\t\n\t\t\t\t\n\t\t\t\t<div class=\"et_pb_text_inner\"><h1> <\/h1><\/div>\n\t\t\t<\/div>\n\t\t\t<\/div>\n\t\t\t\t\n\t\t\t\t\n\t\t\t\t\n\t\t\t\t\n\t\t\t<\/div>\n\t\t\t\t\n\t\t\t\t\n\t\t\t<\/div><div class=\"et_d4_element et_pb_section et_pb_section_1  et_pb_css_mix_blend_mode et_section_specialty et_block_section\" >\n\t\t\t\t\n\t\t\t\t\n\t\t\t\t\n\t\t\t\t\n\t\t\t\t\n\t\t\t\t<div class=\"et_pb_row et_block_row et_d4_element\">\n\t\t\t\t<div class=\"et_d4_element et_pb_column_2_3 et_pb_column et_pb_column_1   et_pb_specialty_column  et_pb_css_mix_blend_mode et_block_column\">\n\t\t\t\t\n\t\t\t\t\n\t\t\t\t\n\t\t\t\t\n\t\t\t\t<div class=\"et_d4_element et_pb_row_inner et_pb_row_inner_0  et_pb_css_mix_blend_mode et_block_row\">\n\t\t\t\t<div class=\"et_pb_column et_pb_column_4_4 et_d4_element et_pb_column_inner et_pb_column_inner_0  et_pb_css_mix_blend_mode et-last-child et_block_column\">\n\t\t\t\t\n\t\t\t\t\n\t\t\t\t\n\t\t\t\t\n\t\t\t\t<div class=\"et_pb_module et_d4_element et_pb_text et_pb_text_1  et_pb_text_align_left et_pb_bg_layout_light\">\n\t\t\t\t\n\t\t\t\t\n\t\t\t\t\n\t\t\t\t\n\t\t\t\t<div class=\"et_pb_text_inner\"><blockquote>\n<p>Pr\u00e4sident, Staatsrat<\/p>\n<\/blockquote>\n<h4><strong>Direktor der <span style=\"text-decoration: underline;\"><span style=\"color: #0c71c3;\"><a href=\"https:\/\/www.fr.ch\/de\/gsd\" target=\"_blank\" rel=\"noopener\" style=\"color: #0c71c3; text-decoration: underline;\">Direktion f\u00fcr Gesundheit und Soziales (DSAS)<\/a><\/span><\/span><\/strong><\/h4><\/div>\n\t\t\t<\/div><div class=\"et_pb_module et_d4_element et_pb_text et_pb_text_2  et_pb_text_align_left et_pb_bg_layout_light\">\n\t\t\t\t\n\t\t\t\t\n\t\t\t\t\n\t\t\t\t\n\t\t\t\t<div class=\"et_pb_text_inner\"><h4>Seit seiner Wahl hat Philippe Demierre mehrere bedeutende Reformen vorangetrieben, die breite Unterst\u00fctzung bei der Bev\u00f6lkerung und den Institutionen fanden. Alle zur Abstimmung gebrachten Projekte wurden angenommen und trugen so zur St\u00e4rkung des Gesundheitssystems, zur Unterst\u00fctzung der Familien und zur Sicherung der Ressourcen des Freiburger Spitals (HFR) bei. Ein \u00dcberblick \u00fcber diese vier entscheidenden Fortschritte:<\/h4>\n<ul>\n<li>\n<h4><strong>09.10.2024<\/strong> Abstimmung im Grossen Rat<br \/>Gesetz \u00fcber die Sozialhilfe (RSF 831.0.1)<br \/><span style=\"color: #28b463;\">\u2705 Angenommen mit <strong>76 Stimmen<\/strong> gegen 24, 7 Enthaltungen<\/span><\/h4>\n<\/li>\n<li>\n<h4><strong>22.09.2024<\/strong><br \/>Gesetz vom 8. Februar 2024 \u00fcber Erg\u00e4nzungsleistungen f\u00fcr Familien (FamELG)<br \/><span style=\"color: #28b463;\">\u2705 Angenommen mit <strong>69,62%<\/strong><\/span><\/h4>\n<\/li>\n<li>\n<h4><strong>09.06.2024<\/strong><br \/>Verfassungsinitiative \u00abF\u00fcr b\u00fcrgernahe \u00f6ffentliche Spitalnotaufnahme 24\/24\u00bb und Gegenvorschlag<br \/><span style=\"color: #28b463;\">\u2705 Angenommen mit <strong>68,37%<\/strong><\/span><\/h4>\n<\/li>\n<li>\n<h4><strong>9.06.2024<\/strong><br \/>Finanzhilfe des Staates Freiburg f\u00fcr das freiburger spital (HFR) mit einer B\u00fcrgschaft von 105 Millionen Franken und einem Darlehen von 70 Millionen Franken<br \/><span style=\"color: #28b463;\">\u2705 Angenommen mit <strong>79,64%<\/strong><\/span><\/h4>\n<\/li>\n<\/ul>\n<h4>Philippe Demierre wurde am 28. November 2021 mit <strong>40\u2019710 Stimmen<\/strong> in den Staatsrat gew\u00e4hlt.<\/h4><\/div>\n\t\t\t<\/div>\n\t\t\t<\/div>\n\t\t\t\t\n\t\t\t\t\n\t\t\t\t\n\t\t\t\t\n\t\t\t<\/div><div class=\"et_d4_element et_pb_row_inner et_pb_row_inner_1  et_pb_css_mix_blend_mode et_block_row\">\n\t\t\t\t<div class=\"et_pb_column et_pb_column_4_4 et_d4_element et_pb_column_inner et_pb_column_inner_1  et_pb_css_mix_blend_mode et-last-child et_block_column\">\n\t\t\t\t\n\t\t\t\t\n\t\t\t\t\n\t\t\t\t\n\t\t\t\t<div class=\"et_pb_module et_d4_element et_pb_text et_pb_text_3  et_pb_text_align_left et_pb_bg_layout_light\">\n\t\t\t\t\n\t\t\t\t\n\t\t\t\t\n\t\t\t\t\n\t\t\t\t<div class=\"et_pb_text_inner\"><blockquote>\n<p>Im Freiburger Grossrat!<\/p>\n<\/blockquote><\/div>\n\t\t\t<\/div>\n\t\t\t<\/div>\n\t\t\t\t\n\t\t\t\t\n\t\t\t\t\n\t\t\t\t\n\t\t\t<\/div><div class=\"et_d4_element et_pb_row_inner et_pb_row_inner_2  et_pb_css_mix_blend_mode et_block_row\">\n\t\t\t\t<div class=\"et_pb_column et_pb_column_4_4 et_d4_element et_pb_column_inner et_pb_column_inner_2  et_pb_css_mix_blend_mode et-last-child et_block_column\">\n\t\t\t\t\n\t\t\t\t\n\t\t\t\t\n\t\t\t\t\n\t\t\t\t<div class=\"et_pb_module et_d4_element et_pb_text et_pb_text_4  et_pb_text_align_left et_pb_bg_layout_light\">\n\t\t\t\t\n\t\t\t\t\n\t\t\t\t\n\t\t\t\t\n\t\t\t\t<div class=\"et_pb_text_inner\"><h2>Meine Erfolge:<\/h2>\n<ul>\n<li>\n<h4>Auftrag: Die Gesangs-, Musik- und Jugendfeste im Kanton Freiburg m\u00fcssen um jeden Preis gerettet werden!<\/h4>\n<\/li>\n<li>\n<h4>Postulat: Einf\u00fchrung von Massnahmen zur Verhinderung von Veruntreuungen in den Gemeinden.<\/h4>\n<\/li>\n<li>\n<h4>Auftrag: Massnahmen im Rahmen eines Plans zur Wiederankurbelung der Freiburger Wirtschaft nach der COVID-19-Pandemie, der mit h\u00f6chstens 250 Millionen Franken dotiert ist.<\/h4>\n<\/li>\n<li>\n<h4>Auftrag: Einrichtung eines \u00dcbergangsfonds f\u00fcr die Weiterf\u00fchrung der Subventionierung f\u00fcr die Renovierung von Schindeld\u00e4chern in den Jahren 2018\u20132020.<\/h4>\n<\/li>\n<\/ul><\/div>\n\t\t\t<\/div>\n\t\t\t<\/div>\n\t\t\t\t\n\t\t\t\t\n\t\t\t\t\n\t\t\t\t\n\t\t\t<\/div>\n\t\t\t<\/div><div class=\"et_d4_element et_pb_column_1_3 et_pb_column et_pb_column_2    et_pb_css_mix_blend_mode et_block_column\">\n\t\t\t\t\n\t\t\t\t\n\t\t\t\t\n\t\t\t\t\n\t\t\t\t<div class=\"et_pb_button_module_wrapper et_pb_button_0_wrapper  et_pb_module \">\n\t\t\t\t<a class=\"et_pb_button et_d4_element et_pb_button_0 et_pb_bg_layout_light et_block_module\" href=\"https:\/\/www.fr.ch\/de\/sr\/philippe-demierre-vizepraesident-staatsrat\" target=\"_blank\" data-icon=\"E\">Pers\u00f6nliche Seite auf der Website des Kantons Freiburg<\/a>\n\t\t\t<\/div><div class=\"et_pb_module et_d4_element et_pb_text et_pb_text_5  et_pb_text_align_left et_pb_bg_layout_light\">\n\t\t\t\t\n\t\t\t\t\n\t\t\t\t\n\t\t\t\t\n\t\t\t\t<div class=\"et_pb_text_inner\"><h2>Meine Zukunftsvision f\u00fcr den Kanton:<\/h2><\/div>\n\t\t\t<\/div><div class=\"et_pb_module et_d4_element et_pb_accordion et_pb_accordion_0\">\n\t\t\t\t\n\t\t\t\t\n\t\t\t\t\n\t\t\t\t\n\t\t\t\t<div class=\"et_pb_toggle et_pb_module et_d4_element et_pb_accordion_item et_pb_accordion_item_0  et_pb_toggle_open\">\n\t\t\t\t\n\t\t\t\t\n\t\t\t\t\n\t\t\t\t\n\t\t\t\t<h1 class=\"et_pb_toggle_title\">Wirtschaft und Besch\u00e4ftigung<\/h1>\n\t\t\t\t<div class=\"et_pb_toggle_content clearfix\"><h4>Die Pandemie, die das Leben in unserem Kanton noch immer beeintr\u00e4chtigt, trifft die Unternehmen und die Wirtschaft hart. Ich werde daf\u00fcr sorgen, dass unser Kanton zu seiner Lebendigkeit und seiner Ausstrahlung zur\u00fcckfindet. Den jungen Menschen, die ihre Ausbildung abschliessen, m\u00f6chte ich helfen, hier bei uns einen Arbeitsplatz zu finden, der ihren F\u00e4higkeiten und ihren Qualifikationen entspricht. Es ist mir auch wichtig, die Menschen nicht zu vergessen, die sich am Ende ihrer beruflichen Laufbahn befinden und Schwierigkeiten haben, eine Arbeitsstelle zu finden. Mit meiner proaktiven Politik will ich Arbeitspl\u00e4tze mit hoher Wertsch\u00f6pfung ausbauen, neue Arbeitspl\u00e4tze schaffen und es neuen Unternehmen so erm\u00f6glichen, sich in unserem Kanton niederzulassen. Ausserdem m\u00f6chte ich den lokalen Konsum f\u00f6rdern und so unsere Landwirte, Unternehmen und ans\u00e4ssigen Handwerker unterst\u00fctzen.<br \/>\nAls Mitglied der Regierung habe ich vor, die Berufsbildungsg\u00e4nge noch viel st\u00e4rker zu f\u00f6rdern.<\/h4><\/div>\n\t\t\t<\/div><div class=\"et_pb_toggle et_pb_module et_d4_element et_pb_accordion_item et_pb_accordion_item_1  et_pb_toggle_close\">\n\t\t\t\t\n\t\t\t\t\n\t\t\t\t\n\t\t\t\t\n\t\t\t\t<h1 class=\"et_pb_toggle_title\">Finanzen<\/h1>\n\t\t\t\t<div class=\"et_pb_toggle_content clearfix\"><h4>In unserem Kanton k\u00f6nnen wir stolz darauf sein, dass unsere finanzielle Lage momentan solide ist. Wir d\u00fcrfen jedoch nicht vergessen, dass diese Tendenz schnell ins Gegenteil umschlagen kann, wenn in der Verwaltung nicht grosse Disziplin, Genauigkeit, unerm\u00fcdlicher Pragmatismus und gr\u00f6sstm\u00f6gliche Effizienz aufrechterhalten werden. Ich werde mich f\u00fcr eine gerechte Besteuerung von nat\u00fcrlichen und juristischen Personen einsetzen. Ausserdem werde ich Sorge tragen, dass \u00f6ffentliche Ausgaben stets gerechtfertigt sind und kontrolliert werden.<\/p>\n<h4><\/div>\n\t\t\t<\/div><div class=\"et_pb_toggle et_pb_module et_d4_element et_pb_accordion_item et_pb_accordion_item_2  et_pb_toggle_close\">\n\t\t\t\t\n\t\t\t\t\n\t\t\t\t\n\t\t\t\t\n\t\t\t\t<h1 class=\"et_pb_toggle_title\">Sicherheit<\/h1>\n\t\t\t\t<div class=\"et_pb_toggle_content clearfix\"><h4>Die Freiburger Bev\u00f6lkerung hat ein Recht darauf, sich auf ihre Justiz und ihre Polizei verlassen zu k\u00f6nnen. Ich werde daf\u00fcr sorgen, dass der Justiz und der Polizei die zur Erf\u00fcllung ihrer Aufgaben notwendigen Mittel zur Verf\u00fcgung gestellt werden. Ich werde nicht akzeptieren, dass sich Menschen in unserem Kanton nicht mehr sicher f\u00fchlen. Unsicherheit und Angriffe treten in immer neuen Formen auf \u2013 deswegen m\u00fcssen wir uns anpassen und die Gefahren antizipieren, die auf uns zukommen.<\/h4><\/div>\n\t\t\t<\/div><div class=\"et_pb_toggle et_pb_module et_d4_element et_pb_accordion_item et_pb_accordion_item_3  et_pb_toggle_close\">\n\t\t\t\t\n\t\t\t\t\n\t\t\t\t\n\t\t\t\t\n\t\t\t\t<h1 class=\"et_pb_toggle_title\">Raumentwicklung<\/h1>\n\t\t\t\t<div class=\"et_pb_toggle_content clearfix\"><h4>Es liegt mir am Herzen, die Natur und die wundersch\u00f6nen Landschaften unseres Kantons bestm\u00f6glich zu bewahren. Bei der k\u00fcnftigen Raumentwicklung in unserem Kanton m\u00fcssen die Auswirkungen des Klimawandels und des Bev\u00f6lkerungswachstums ber\u00fccksichtigt werden. Ein zentrales Anliegen wird es sein, Katastrophen in Zusammenhang mit der \u00fcberm\u00e4ssigen Bodenversiegelung durch Beton zu vermeiden. Es ist wichtig, das Unternehmen gezielt an den Orten gegr\u00fcndet und angesiedelt werden, an denen sie die gr\u00f6sstm\u00f6gliche Zahl an Arbeitspl\u00e4tzen mit hoher Wertsch\u00f6pfung schaffen k\u00f6nnen.<\/h4><\/div>\n\t\t\t<\/div><div class=\"et_pb_toggle et_pb_module et_d4_element et_pb_accordion_item et_pb_accordion_item_4  et_pb_toggle_close\">\n\t\t\t\t\n\t\t\t\t\n\t\t\t\t\n\t\t\t\t\n\t\t\t\t<h1 class=\"et_pb_toggle_title\">Institutionen und Landwirtschaft<\/h1>\n\t\t\t\t<div class=\"et_pb_toggle_content clearfix\"><h4>Als ehemaliger Landwirt bin ich sehr empf\u00e4nglich f\u00fcr die Anliegen unserer Bauernfamilien und verstehe ihre schwierige Situation sehr gut: Das Landwirtschaftliche Institut Grangeneuve muss es der neuen Generation von Landwirtinnen und Landwirten erm\u00f6glichen, unter w\u00fcrdigen Bedingungen von diesem sch\u00f6nen Beruf leben zu k\u00f6nnen.<br \/>\nWas die Institutionen angeht, bef\u00fcrworte ich Zusammenschl\u00fcsse von Gemeinden nicht bedingungslos: Solche Fusionen m\u00fcssen nat\u00fcrlich ablaufen, ohne Zwang f\u00fcr die Bev\u00f6lkerung.<\/h4><\/div>\n\t\t\t<\/div><div class=\"et_pb_toggle et_pb_module et_d4_element et_pb_accordion_item et_pb_accordion_item_5  et_pb_toggle_close\">\n\t\t\t\t\n\t\t\t\t\n\t\t\t\t\n\t\t\t\t\n\t\t\t\t<h1 class=\"et_pb_toggle_title\">Gesundheit und Soziales<\/h1>\n\t\t\t\t<div class=\"et_pb_toggle_content clearfix\"><h4>Ich werde daf\u00fcr sorgen, dass all diejenigen Menschen in unserem Kanton durch Sozialhilfe unterst\u00fctzt werden, die wirklich darauf angewiesen sind. Es ist mir auch ein Anliegen, die Integration der bed\u00fcrftigsten Personen in den Arbeitsmarkt noch weiter zu verbessern. Ausserdem muss der Verbleib von \u00e4lteren Menschen zu Hause gef\u00f6rdert und unterst\u00fctzt werden.<br \/>\nUnser Kanton muss sicherstellen, dass er \u00fcber ein Akutpflegezentrum sowie Gesundheitszentren in den Bezirken verf\u00fcgt. Die Gesundheitskosten k\u00f6nnen nicht ewig weiter steigen.<\/h4><\/div>\n\t\t\t<\/div><div class=\"et_pb_toggle et_pb_module et_d4_element et_pb_accordion_item et_pb_accordion_item_6  et_pb_toggle_close\">\n\t\t\t\t\n\t\t\t\t\n\t\t\t\t\n\t\t\t\t\n\t\t\t\t<h1 class=\"et_pb_toggle_title\">Erziehung und Kultur<\/h1>\n\t\t\t\t<div class=\"et_pb_toggle_content clearfix\"><h4>Der Kanton Freiburg hat eine vielf\u00e4ltige traditionelle Kultur und Folklore. Ich verpflichte mich dazu, sie zu unterst\u00fctzen und zu f\u00f6rdern! Wir m\u00fcssen das Erbe, dass unsere Vorfahren \u00fcber so lange Zeit geschaffen haben, sch\u00fctzen und erhalten. Auch f\u00fcr die moderne und gegenw\u00e4rtige Kultur werde ich mich einsetzen.<br \/>\nIm Bereich Erziehung werde ich daf\u00fcr sorgen, dass die Sch\u00fclerinnen und Sch\u00fcler sp\u00e4ter stolz auf ihre Schulstunden zur\u00fcckblicken k\u00f6nnen. Es ist mir wichtig, Zweisprachigkeit zu f\u00f6rdern, und zwar vom j\u00fcngsten Kindesalter an. Ich bin gegen die Vereinfachung der franz\u00f6sischen Rechtschreibung.<br \/>\nStaatskundeunterricht f\u00fcr Sch\u00fclerinnen und Sch\u00fcler muss apolitisch erteilt werden, damit sich die Kinder selbst eine Meinung bilden und diese \u00e4ussern k\u00f6nnen, ohne Angst oder Bestrafung.<\/h4><\/div>\n\t\t\t<\/div>\n\t\t\t<\/div>\n\t\t\t<\/div>\n\t\t\t\t<\/div>\n\t\t\t\t\n\t\t\t<\/div><div class=\"et_d4_element et_pb_section et_pb_section_2  et_pb_css_mix_blend_mode et_pb_fullwidth_section et_section_regular et_block_section\" >\n\t\t\t\t\n\t\t\t\t\n\t\t\t\t\n\t\t\t\t\n\t\t\t\t\n\t\t\t\t\n\t\t\t\t<div class=\"et_pb_module et_d4_element et_pb_fullwidth_image et_pb_fullwidth_image_0\">\n\t\t\t\t\n\t\t\t\t\n\t\t\t\t\n\t\t\t\t\n\t\t\t\t<img loading=\"lazy\" decoding=\"async\" width=\"1349\" height=\"240\" src=\"https:\/\/philippedemierre.ch\/wp-content\/uploads\/2021\/06\/VagueCH-large.png\" alt=\"SVP-UDC\" title=\"Vague UDC-CH\" srcset=\"https:\/\/philippedemierre.ch\/wp-content\/uploads\/2021\/06\/VagueCH-large.png 1349w, https:\/\/philippedemierre.ch\/wp-content\/uploads\/2021\/06\/VagueCH-large-1280x228.png 1280w, https:\/\/philippedemierre.ch\/wp-content\/uploads\/2021\/06\/VagueCH-large-980x174.png 980w, https:\/\/philippedemierre.ch\/wp-content\/uploads\/2021\/06\/VagueCH-large-480x85.png 480w\" sizes=\"(min-width: 0px) and (max-width: 480px) 480px, (min-width: 481px) and (max-width: 980px) 980px, (min-width: 981px) and (max-width: 1280px) 1280px, (min-width: 1281px) 1349px, 100vw\" class=\"wp-image-105\" \/>\n\t\t\t\n\t\t\t<\/div>\n\t\t\t\t\n\t\t\t\t\n\t\t\t<\/div><\/p>\n","protected":false},"excerpt":{"rendered":"","protected":false},"author":1,"featured_media":0,"parent":0,"menu_order":10,"comment_status":"closed","ping_status":"closed","template":"","meta":{"_et_pb_use_builder":"on","_et_pb_old_content":"","_et_gb_content_width":"","footnotes":""},"class_list":["post-344","page","type-page","status-publish","hentry"],"yoast_head":"<!-- This site is optimized with the Yoast SEO plugin v27.4 - https:\/\/yoast.com\/product\/yoast-seo-wordpress\/ -->\n<title>Politik - Philippe Demierre, conseiller d&#039;Etat<\/title>\n<meta name=\"description\" content=\"Philippe Demierre, candidat au Conseil d&#039;Etat fribourgeois\" \/>\n<meta name=\"robots\" content=\"index, follow, max-snippet:-1, max-image-preview:large, max-video-preview:-1\" \/>\n<link rel=\"canonical\" href=\"https:\/\/philippedemierre.ch\/de\/politik\/\" \/>\n<meta property=\"og:locale\" content=\"de_DE\" \/>\n<meta property=\"og:type\" content=\"article\" \/>\n<meta property=\"og:title\" content=\"Politik - Philippe Demierre, conseiller d&#039;Etat\" \/>\n<meta property=\"og:description\" content=\"Philippe Demierre, candidat au Conseil d&#039;Etat fribourgeois\" \/>\n<meta property=\"og:url\" content=\"https:\/\/philippedemierre.ch\/de\/politik\/\" \/>\n<meta property=\"og:site_name\" content=\"Philippe Demierre, conseiller d&#039;Etat\" \/>\n<meta property=\"article:modified_time\" content=\"2026-01-09T09:55:52+00:00\" \/>\n<meta name=\"twitter:card\" content=\"summary_large_image\" \/>\n<meta name=\"twitter:label1\" content=\"Gesch\u00e4tzte Lesezeit\" \/>\n\t<meta name=\"twitter:data1\" content=\"5\u00a0Minuten\" \/>\n<script type=\"application\/ld+json\" class=\"yoast-schema-graph\">{\"@context\":\"https:\\\/\\\/schema.org\",\"@graph\":[{\"@type\":\"WebPage\",\"@id\":\"https:\\\/\\\/philippedemierre.ch\\\/de\\\/politik\\\/\",\"url\":\"https:\\\/\\\/philippedemierre.ch\\\/de\\\/politik\\\/\",\"name\":\"Politik - Philippe Demierre, conseiller d&#039;Etat\",\"isPartOf\":{\"@id\":\"https:\\\/\\\/philippedemierre.ch\\\/de\\\/#website\"},\"datePublished\":\"2021-09-13T13:39:31+00:00\",\"dateModified\":\"2026-01-09T09:55:52+00:00\",\"description\":\"Philippe Demierre, candidat au Conseil d'Etat fribourgeois\",\"breadcrumb\":{\"@id\":\"https:\\\/\\\/philippedemierre.ch\\\/de\\\/politik\\\/#breadcrumb\"},\"inLanguage\":\"de\",\"potentialAction\":[{\"@type\":\"ReadAction\",\"target\":[\"https:\\\/\\\/philippedemierre.ch\\\/de\\\/politik\\\/\"]}]},{\"@type\":\"BreadcrumbList\",\"@id\":\"https:\\\/\\\/philippedemierre.ch\\\/de\\\/politik\\\/#breadcrumb\",\"itemListElement\":[{\"@type\":\"ListItem\",\"position\":1,\"name\":\"Accueil\",\"item\":\"https:\\\/\\\/philippedemierre.ch\\\/de\\\/\"},{\"@type\":\"ListItem\",\"position\":2,\"name\":\"Politik\"}]},{\"@type\":\"WebSite\",\"@id\":\"https:\\\/\\\/philippedemierre.ch\\\/de\\\/#website\",\"url\":\"https:\\\/\\\/philippedemierre.ch\\\/de\\\/\",\"name\":\"Philippe Demierre, conseiller d&#039;Etat\",\"description\":\"Conseil d&#039;Etat fribourgeois\",\"potentialAction\":[{\"@type\":\"SearchAction\",\"target\":{\"@type\":\"EntryPoint\",\"urlTemplate\":\"https:\\\/\\\/philippedemierre.ch\\\/de\\\/?s={search_term_string}\"},\"query-input\":{\"@type\":\"PropertyValueSpecification\",\"valueRequired\":true,\"valueName\":\"search_term_string\"}}],\"inLanguage\":\"de\"}]}<\/script>\n<!-- \/ Yoast SEO plugin. -->","yoast_head_json":{"title":"Politik - Philippe Demierre, conseiller d&#039;Etat","description":"Philippe Demierre, candidat au Conseil d'Etat fribourgeois","robots":{"index":"index","follow":"follow","max-snippet":"max-snippet:-1","max-image-preview":"max-image-preview:large","max-video-preview":"max-video-preview:-1"},"canonical":"https:\/\/philippedemierre.ch\/de\/politik\/","og_locale":"de_DE","og_type":"article","og_title":"Politik - Philippe Demierre, conseiller d&#039;Etat","og_description":"Philippe Demierre, candidat au Conseil d'Etat fribourgeois","og_url":"https:\/\/philippedemierre.ch\/de\/politik\/","og_site_name":"Philippe Demierre, conseiller d&#039;Etat","article_modified_time":"2026-01-09T09:55:52+00:00","twitter_card":"summary_large_image","twitter_misc":{"Gesch\u00e4tzte Lesezeit":"5\u00a0Minuten"},"schema":{"@context":"https:\/\/schema.org","@graph":[{"@type":"WebPage","@id":"https:\/\/philippedemierre.ch\/de\/politik\/","url":"https:\/\/philippedemierre.ch\/de\/politik\/","name":"Politik - Philippe Demierre, conseiller d&#039;Etat","isPartOf":{"@id":"https:\/\/philippedemierre.ch\/de\/#website"},"datePublished":"2021-09-13T13:39:31+00:00","dateModified":"2026-01-09T09:55:52+00:00","description":"Philippe Demierre, candidat au Conseil d'Etat fribourgeois","breadcrumb":{"@id":"https:\/\/philippedemierre.ch\/de\/politik\/#breadcrumb"},"inLanguage":"de","potentialAction":[{"@type":"ReadAction","target":["https:\/\/philippedemierre.ch\/de\/politik\/"]}]},{"@type":"BreadcrumbList","@id":"https:\/\/philippedemierre.ch\/de\/politik\/#breadcrumb","itemListElement":[{"@type":"ListItem","position":1,"name":"Accueil","item":"https:\/\/philippedemierre.ch\/de\/"},{"@type":"ListItem","position":2,"name":"Politik"}]},{"@type":"WebSite","@id":"https:\/\/philippedemierre.ch\/de\/#website","url":"https:\/\/philippedemierre.ch\/de\/","name":"Philippe Demierre, conseiller d&#039;Etat","description":"Conseil d&#039;Etat fribourgeois","potentialAction":[{"@type":"SearchAction","target":{"@type":"EntryPoint","urlTemplate":"https:\/\/philippedemierre.ch\/de\/?s={search_term_string}"},"query-input":{"@type":"PropertyValueSpecification","valueRequired":true,"valueName":"search_term_string"}}],"inLanguage":"de"}]}},"_links":{"self":[{"href":"https:\/\/philippedemierre.ch\/de\/wp-json\/wp\/v2\/pages\/344","targetHints":{"allow":["GET"]}}],"collection":[{"href":"https:\/\/philippedemierre.ch\/de\/wp-json\/wp\/v2\/pages"}],"about":[{"href":"https:\/\/philippedemierre.ch\/de\/wp-json\/wp\/v2\/types\/page"}],"author":[{"embeddable":true,"href":"https:\/\/philippedemierre.ch\/de\/wp-json\/wp\/v2\/users\/1"}],"replies":[{"embeddable":true,"href":"https:\/\/philippedemierre.ch\/de\/wp-json\/wp\/v2\/comments?post=344"}],"version-history":[{"count":18,"href":"https:\/\/philippedemierre.ch\/de\/wp-json\/wp\/v2\/pages\/344\/revisions"}],"predecessor-version":[{"id":3313,"href":"https:\/\/philippedemierre.ch\/de\/wp-json\/wp\/v2\/pages\/344\/revisions\/3313"}],"wp:attachment":[{"href":"https:\/\/philippedemierre.ch\/de\/wp-json\/wp\/v2\/media?parent=344"}],"curies":[{"name":"wp","href":"https:\/\/api.w.org\/{rel}","templated":true}]}}